{"id":337069,"date":"2023-08-24T00:00:00","date_gmt":"2023-08-24T03:00:00","guid":{"rendered":"https:\/\/retinaweb.net\/orquidario\/produto\/stanhopea-graveolens\/"},"modified":"2026-04-08T14:42:13","modified_gmt":"2026-04-08T17:42:13","slug":"stanhopea-graveolens","status":"publish","type":"product","link":"https:\/\/www.orquidariosantabarbara.com\/loja\/produto\/stanhopea-graveolens\/","title":{"rendered":"Stanhopea graveolens"},"content":{"rendered":"<p><em>Stanhopea<\/em>\u00a0\u00e9\u00a0<em>conhecida<\/em>\u00a0por suas\u00a0flores\u00a0geralmente perfumadas e de curta dura\u00e7\u00e3o, s\u00e3o\u00a0conhecidas\u00a0por florescer no fundo dos recipientes em que elas crescem, no caso de serem replantadas, \u00e9 aconselh\u00e1vel serem plantadas em recipientes suspensos que tenham espa\u00e7o aberto para baixo, suficiente para uma perfeita flora\u00e7\u00e3o .<\/p>\n<p>As plantas ser\u00e3o enviadas em caixas de papel\u00e3o, bem acondicionadas, protegidas, identificadas, sem flores, sem substrato e sem vasos.<\/p>\n<p>Sugerimos a leitura de\u00a0<strong>\u201cComo cultivar orqu\u00eddeas\u201d,<\/strong>\u00a0dispon\u00edvel no rodap\u00e9 do site.<\/p>\n<p>Junto com as plantas, podem ser adquiridos vasos, substratos, ganchos de sustenta\u00e7\u00e3o, adubos, e outros produtos de orquidicultura, dispon\u00edveis nos grupos\u00a0<strong>\u201cVasos\u201d<\/strong>,\u00a0<strong>\u201cAdubos\u201d<\/strong>\u00a0e\u00a0<strong>\u201cOutros Materiais de Cultivo\u201d.<\/strong><\/p>\n","protected":false},"excerpt":{"rendered":"<p>Stanhopea\u00a0\u00e9\u00a0conhecida\u00a0por suas\u00a0flores\u00a0geralmente perfumadas e de curta dura\u00e7\u00e3o, s\u00e3o\u00a0conhecidas\u00a0por florescer no [&hellip;]<\/p>\n","protected":false},"featured_media":342171,"template":"","meta":{"_acf_changed":false},"product_brand":[],"product_cat":[969],"product_tag":[],"class_list":{"0":"post-337069","1":"product","2":"type-product","3":"status-publish","4":"has-post-thumbnail","6":"product_cat-outras-especies-exceto-cattleyas","8":"first","9":"instock","10":"shipping-taxable","11":"purchasable","12":"product-type-variable","13":"has-default-attributes"},"acf":[],"yoast_head":"<!-- This site is optimized with the Yoast SEO plugin v27.3 - https:\/\/yoast.com\/product\/yoast-seo-wordpress\/ -->\n<title>Stanhopea graveolens &#8211; Orquid\u00e1rio Santa B\u00e1rbara<\/title>\n<meta name=\"robots\" content=\"index, follow, max-snippet:-1, max-image-preview:large, max-video-preview:-1\" \/>\n<link rel=\"canonical\" href=\"https:\/\/www.orquidariosantabarbara.com\/loja\/produto\/stanhopea-graveolens\/\" \/>\n<meta property=\"og:locale\" content=\"pt_BR\" \/>\n<meta property=\"og:type\" content=\"article\" \/>\n<meta property=\"og:title\" content=\"Stanhopea graveolens &#8211; Orquid\u00e1rio Santa B\u00e1rbara\" \/>\n<meta property=\"og:description\" content=\"Stanhopea\u00a0\u00e9\u00a0conhecida\u00a0por suas\u00a0flores\u00a0geralmente perfumadas e de curta dura\u00e7\u00e3o, s\u00e3o\u00a0conhecidas\u00a0por florescer no [&hellip;]\" \/>\n<meta property=\"og:url\" content=\"https:\/\/www.orquidariosantabarbara.com\/loja\/produto\/stanhopea-graveolens\/\" \/>\n<meta property=\"og:site_name\" content=\"Orquid\u00e1rio Santa B\u00e1rbara\" \/>\n<meta property=\"article:publisher\" content=\"http:\/\/www.facebook.com\/comover.arq\" \/>\n<meta property=\"article:modified_time\" content=\"2026-04-08T17:42:13+00:00\" \/>\n<meta property=\"og:image\" content=\"https:\/\/www.orquidariosantabarbara.com\/loja\/wp-content\/uploads\/2025\/02\/Stanhopea-graveolens-1-2.jpg\" \/>\n\t<meta property=\"og:image:width\" content=\"640\" \/>\n\t<meta property=\"og:image:height\" content=\"480\" \/>\n\t<meta property=\"og:image:type\" content=\"image\/jpeg\" \/>\n<meta name=\"twitter:card\" content=\"summary_large_image\" \/>\n<meta name=\"twitter:label1\" content=\"Est. tempo de leitura\" \/>\n\t<meta name=\"twitter:data1\" content=\"1 minuto\" \/>\n<script type=\"application\/ld+json\" class=\"yoast-schema-graph\">{\"@context\":\"https:\\\/\\\/schema.org\",\"@graph\":[{\"@type\":\"WebPage\",\"@id\":\"https:\\\/\\\/www.orquidariosantabarbara.com\\\/loja\\\/produto\\\/stanhopea-graveolens\\\/\",\"url\":\"https:\\\/\\\/www.orquidariosantabarbara.com\\\/loja\\\/produto\\\/stanhopea-graveolens\\\/\",\"name\":\"Stanhopea graveolens &#8211; Orquid\u00e1rio Santa B\u00e1rbara\",\"isPartOf\":{\"@id\":\"https:\\\/\\\/www.orquidariosantabarbara.com\\\/loja\\\/#website\"},\"primaryImageOfPage\":{\"@id\":\"https:\\\/\\\/www.orquidariosantabarbara.com\\\/loja\\\/produto\\\/stanhopea-graveolens\\\/#primaryimage\"},\"image\":{\"@id\":\"https:\\\/\\\/www.orquidariosantabarbara.com\\\/loja\\\/produto\\\/stanhopea-graveolens\\\/#primaryimage\"},\"thumbnailUrl\":\"https:\\\/\\\/www.orquidariosantabarbara.com\\\/loja\\\/wp-content\\\/uploads\\\/2025\\\/02\\\/Stanhopea-graveolens-1-2.jpg\",\"datePublished\":\"2023-08-24T03:00:00+00:00\",\"dateModified\":\"2026-04-08T17:42:13+00:00\",\"breadcrumb\":{\"@id\":\"https:\\\/\\\/www.orquidariosantabarbara.com\\\/loja\\\/produto\\\/stanhopea-graveolens\\\/#breadcrumb\"},\"inLanguage\":\"pt-BR\",\"potentialAction\":[{\"@type\":\"ReadAction\",\"target\":[\"https:\\\/\\\/www.orquidariosantabarbara.com\\\/loja\\\/produto\\\/stanhopea-graveolens\\\/\"]}]},{\"@type\":\"ImageObject\",\"inLanguage\":\"pt-BR\",\"@id\":\"https:\\\/\\\/www.orquidariosantabarbara.com\\\/loja\\\/produto\\\/stanhopea-graveolens\\\/#primaryimage\",\"url\":\"https:\\\/\\\/www.orquidariosantabarbara.com\\\/loja\\\/wp-content\\\/uploads\\\/2025\\\/02\\\/Stanhopea-graveolens-1-2.jpg\",\"contentUrl\":\"https:\\\/\\\/www.orquidariosantabarbara.com\\\/loja\\\/wp-content\\\/uploads\\\/2025\\\/02\\\/Stanhopea-graveolens-1-2.jpg\",\"width\":640,\"height\":480},{\"@type\":\"BreadcrumbList\",\"@id\":\"https:\\\/\\\/www.orquidariosantabarbara.com\\\/loja\\\/produto\\\/stanhopea-graveolens\\\/#breadcrumb\",\"itemListElement\":[{\"@type\":\"ListItem\",\"position\":1,\"name\":\"In\u00edcio\",\"item\":\"https:\\\/\\\/www.orquidariosantabarbara.com\\\/loja\\\/\"},{\"@type\":\"ListItem\",\"position\":2,\"name\":\"Stanhopea graveolens\"}]},{\"@type\":\"WebSite\",\"@id\":\"https:\\\/\\\/www.orquidariosantabarbara.com\\\/loja\\\/#website\",\"url\":\"https:\\\/\\\/www.orquidariosantabarbara.com\\\/loja\\\/\",\"name\":\"Orquid\u00e1rio Santa B\u00e1rbara\",\"description\":\"\",\"potentialAction\":[{\"@type\":\"SearchAction\",\"target\":{\"@type\":\"EntryPoint\",\"urlTemplate\":\"https:\\\/\\\/www.orquidariosantabarbara.com\\\/loja\\\/?s={search_term_string}\"},\"query-input\":{\"@type\":\"PropertyValueSpecification\",\"valueRequired\":true,\"valueName\":\"search_term_string\"}}],\"inLanguage\":\"pt-BR\"}]}<\/script>\n<!-- \/ Yoast SEO plugin. -->","yoast_head_json":{"title":"Stanhopea graveolens &#8211; Orquid\u00e1rio Santa B\u00e1rbara","robots":{"index":"index","follow":"follow","max-snippet":"max-snippet:-1","max-image-preview":"max-image-preview:large","max-video-preview":"max-video-preview:-1"},"canonical":"https:\/\/www.orquidariosantabarbara.com\/loja\/produto\/stanhopea-graveolens\/","og_locale":"pt_BR","og_type":"article","og_title":"Stanhopea graveolens &#8211; Orquid\u00e1rio Santa B\u00e1rbara","og_description":"Stanhopea\u00a0\u00e9\u00a0conhecida\u00a0por suas\u00a0flores\u00a0geralmente perfumadas e de curta dura\u00e7\u00e3o, s\u00e3o\u00a0conhecidas\u00a0por florescer no [&hellip;]","og_url":"https:\/\/www.orquidariosantabarbara.com\/loja\/produto\/stanhopea-graveolens\/","og_site_name":"Orquid\u00e1rio Santa B\u00e1rbara","article_publisher":"http:\/\/www.facebook.com\/comover.arq","article_modified_time":"2026-04-08T17:42:13+00:00","og_image":[{"width":640,"height":480,"url":"https:\/\/www.orquidariosantabarbara.com\/loja\/wp-content\/uploads\/2025\/02\/Stanhopea-graveolens-1-2.jpg","type":"image\/jpeg"}],"twitter_card":"summary_large_image","twitter_misc":{"Est. tempo de leitura":"1 minuto"},"schema":{"@context":"https:\/\/schema.org","@graph":[{"@type":"WebPage","@id":"https:\/\/www.orquidariosantabarbara.com\/loja\/produto\/stanhopea-graveolens\/","url":"https:\/\/www.orquidariosantabarbara.com\/loja\/produto\/stanhopea-graveolens\/","name":"Stanhopea graveolens &#8211; Orquid\u00e1rio Santa B\u00e1rbara","isPartOf":{"@id":"https:\/\/www.orquidariosantabarbara.com\/loja\/#website"},"primaryImageOfPage":{"@id":"https:\/\/www.orquidariosantabarbara.com\/loja\/produto\/stanhopea-graveolens\/#primaryimage"},"image":{"@id":"https:\/\/www.orquidariosantabarbara.com\/loja\/produto\/stanhopea-graveolens\/#primaryimage"},"thumbnailUrl":"https:\/\/www.orquidariosantabarbara.com\/loja\/wp-content\/uploads\/2025\/02\/Stanhopea-graveolens-1-2.jpg","datePublished":"2023-08-24T03:00:00+00:00","dateModified":"2026-04-08T17:42:13+00:00","breadcrumb":{"@id":"https:\/\/www.orquidariosantabarbara.com\/loja\/produto\/stanhopea-graveolens\/#breadcrumb"},"inLanguage":"pt-BR","potentialAction":[{"@type":"ReadAction","target":["https:\/\/www.orquidariosantabarbara.com\/loja\/produto\/stanhopea-graveolens\/"]}]},{"@type":"ImageObject","inLanguage":"pt-BR","@id":"https:\/\/www.orquidariosantabarbara.com\/loja\/produto\/stanhopea-graveolens\/#primaryimage","url":"https:\/\/www.orquidariosantabarbara.com\/loja\/wp-content\/uploads\/2025\/02\/Stanhopea-graveolens-1-2.jpg","contentUrl":"https:\/\/www.orquidariosantabarbara.com\/loja\/wp-content\/uploads\/2025\/02\/Stanhopea-graveolens-1-2.jpg","width":640,"height":480},{"@type":"BreadcrumbList","@id":"https:\/\/www.orquidariosantabarbara.com\/loja\/produto\/stanhopea-graveolens\/#breadcrumb","itemListElement":[{"@type":"ListItem","position":1,"name":"In\u00edcio","item":"https:\/\/www.orquidariosantabarbara.com\/loja\/"},{"@type":"ListItem","position":2,"name":"Stanhopea graveolens"}]},{"@type":"WebSite","@id":"https:\/\/www.orquidariosantabarbara.com\/loja\/#website","url":"https:\/\/www.orquidariosantabarbara.com\/loja\/","name":"Orquid\u00e1rio Santa B\u00e1rbara","description":"","potentialAction":[{"@type":"SearchAction","target":{"@type":"EntryPoint","urlTemplate":"https:\/\/www.orquidariosantabarbara.com\/loja\/?s={search_term_string}"},"query-input":{"@type":"PropertyValueSpecification","valueRequired":true,"valueName":"search_term_string"}}],"inLanguage":"pt-BR"}]}},"_links":{"self":[{"href":"https:\/\/www.orquidariosantabarbara.com\/loja\/wp-json\/wp\/v2\/product\/337069","targetHints":{"allow":["GET"]}}],"collection":[{"href":"https:\/\/www.orquidariosantabarbara.com\/loja\/wp-json\/wp\/v2\/product"}],"about":[{"href":"https:\/\/www.orquidariosantabarbara.com\/loja\/wp-json\/wp\/v2\/types\/product"}],"wp:featuredmedia":[{"embeddable":true,"href":"https:\/\/www.orquidariosantabarbara.com\/loja\/wp-json\/wp\/v2\/media\/342171"}],"wp:attachment":[{"href":"https:\/\/www.orquidariosantabarbara.com\/loja\/wp-json\/wp\/v2\/media?parent=337069"}],"wp:term":[{"taxonomy":"product_brand","embeddable":true,"href":"https:\/\/www.orquidariosantabarbara.com\/loja\/wp-json\/wp\/v2\/product_brand?post=337069"},{"taxonomy":"product_cat","embeddable":true,"href":"https:\/\/www.orquidariosantabarbara.com\/loja\/wp-json\/wp\/v2\/product_cat?post=337069"},{"taxonomy":"product_tag","embeddable":true,"href":"https:\/\/www.orquidariosantabarbara.com\/loja\/wp-json\/wp\/v2\/product_tag?post=337069"}],"curies":[{"name":"wp","href":"https:\/\/api.w.org\/{rel}","templated":true}]}}