{"id":350916,"date":"2026-03-31T08:03:32","date_gmt":"2026-03-31T11:03:32","guid":{"rendered":"https:\/\/www.orquidariosantabarbara.com\/loja\/?post_type=product&#038;p=350916"},"modified":"2026-03-31T08:18:59","modified_gmt":"2026-03-31T11:18:59","slug":"c-sem-identificacao","status":"publish","type":"product","link":"https:\/\/www.orquidariosantabarbara.com\/loja\/produto\/c-sem-identificacao\/","title":{"rendered":"C. sem identifica\u00e7\u00e3o"},"content":{"rendered":"<p>Ser\u00e1 enviada a planta da foto.<\/p>\n<p>As plantas s\u00e3o enviadas em caixas de papel\u00e3o, bem acondicionadas e protegidas, identificadas individualmente, sem substrato e sem vasos.<\/p>\n<p>Ap\u00f3s per\u00edodo vari\u00e1vel de adapta\u00e7\u00e3o e em condi\u00e7\u00f5es adequadas de cultivo, elas poder\u00e3o florescer em at\u00e9 3 anos.<\/p>\n<p>Junto com as plantas podem ser adquiridos vasos, adubos, substratos e muitos outros produtos para orquidicultura, que podem ser visualizados na Loja Virtual, nos Grupos\u00a0<strong>\u201cVasos\u201d, \u201cAdubos\u201d, \u201cOutros Materiais para cultivo\u201d.<\/strong><\/p>\n","protected":false},"excerpt":{"rendered":"<p>Ser\u00e1 enviada a planta da foto. As plantas s\u00e3o enviadas [&hellip;]<\/p>\n","protected":false},"featured_media":350918,"template":"","meta":{"_acf_changed":false},"product_brand":[],"product_cat":[943],"product_tag":[],"class_list":{"0":"post-350916","1":"product","2":"type-product","3":"status-publish","4":"has-post-thumbnail","6":"product_cat-promocoes","8":"first","9":"instock","10":"sale","11":"shipping-taxable","12":"purchasable","13":"product-type-variable","14":"has-default-attributes"},"acf":[],"yoast_head":"<!-- This site is optimized with the Yoast SEO plugin v27.3 - https:\/\/yoast.com\/product\/yoast-seo-wordpress\/ -->\n<title>C. sem identifica\u00e7\u00e3o &#8211; Orquid\u00e1rio Santa B\u00e1rbara<\/title>\n<meta name=\"robots\" content=\"index, follow, max-snippet:-1, max-image-preview:large, max-video-preview:-1\" \/>\n<link rel=\"canonical\" href=\"https:\/\/www.orquidariosantabarbara.com\/loja\/produto\/c-sem-identificacao\/\" \/>\n<meta property=\"og:locale\" content=\"pt_BR\" \/>\n<meta property=\"og:type\" content=\"article\" \/>\n<meta property=\"og:title\" content=\"C. sem identifica\u00e7\u00e3o &#8211; Orquid\u00e1rio Santa B\u00e1rbara\" \/>\n<meta property=\"og:description\" content=\"Ser\u00e1 enviada a planta da foto. As plantas s\u00e3o enviadas [&hellip;]\" \/>\n<meta property=\"og:url\" content=\"https:\/\/www.orquidariosantabarbara.com\/loja\/produto\/c-sem-identificacao\/\" \/>\n<meta property=\"og:site_name\" content=\"Orquid\u00e1rio Santa B\u00e1rbara\" \/>\n<meta property=\"article:publisher\" content=\"http:\/\/www.facebook.com\/comover.arq\" \/>\n<meta property=\"article:modified_time\" content=\"2026-03-31T11:18:59+00:00\" \/>\n<meta property=\"og:image\" content=\"https:\/\/www.orquidariosantabarbara.com\/loja\/wp-content\/uploads\/2026\/03\/C.-sem-identificacao-2013.jpg\" \/>\n\t<meta property=\"og:image:width\" content=\"572\" \/>\n\t<meta property=\"og:image:height\" content=\"480\" \/>\n\t<meta property=\"og:image:type\" content=\"image\/jpeg\" \/>\n<meta name=\"twitter:card\" content=\"summary_large_image\" \/>\n<meta name=\"twitter:label1\" content=\"Est. tempo de leitura\" \/>\n\t<meta name=\"twitter:data1\" content=\"1 minuto\" \/>\n<script type=\"application\/ld+json\" class=\"yoast-schema-graph\">{\"@context\":\"https:\\\/\\\/schema.org\",\"@graph\":[{\"@type\":\"WebPage\",\"@id\":\"https:\\\/\\\/www.orquidariosantabarbara.com\\\/loja\\\/produto\\\/c-sem-identificacao\\\/\",\"url\":\"https:\\\/\\\/www.orquidariosantabarbara.com\\\/loja\\\/produto\\\/c-sem-identificacao\\\/\",\"name\":\"C. sem identifica\u00e7\u00e3o &#8211; Orquid\u00e1rio Santa B\u00e1rbara\",\"isPartOf\":{\"@id\":\"https:\\\/\\\/www.orquidariosantabarbara.com\\\/loja\\\/#website\"},\"primaryImageOfPage\":{\"@id\":\"https:\\\/\\\/www.orquidariosantabarbara.com\\\/loja\\\/produto\\\/c-sem-identificacao\\\/#primaryimage\"},\"image\":{\"@id\":\"https:\\\/\\\/www.orquidariosantabarbara.com\\\/loja\\\/produto\\\/c-sem-identificacao\\\/#primaryimage\"},\"thumbnailUrl\":\"https:\\\/\\\/www.orquidariosantabarbara.com\\\/loja\\\/wp-content\\\/uploads\\\/2026\\\/03\\\/C.-sem-identificacao-2013.jpg\",\"datePublished\":\"2026-03-31T11:03:32+00:00\",\"dateModified\":\"2026-03-31T11:18:59+00:00\",\"breadcrumb\":{\"@id\":\"https:\\\/\\\/www.orquidariosantabarbara.com\\\/loja\\\/produto\\\/c-sem-identificacao\\\/#breadcrumb\"},\"inLanguage\":\"pt-BR\",\"potentialAction\":[{\"@type\":\"ReadAction\",\"target\":[\"https:\\\/\\\/www.orquidariosantabarbara.com\\\/loja\\\/produto\\\/c-sem-identificacao\\\/\"]}]},{\"@type\":\"ImageObject\",\"inLanguage\":\"pt-BR\",\"@id\":\"https:\\\/\\\/www.orquidariosantabarbara.com\\\/loja\\\/produto\\\/c-sem-identificacao\\\/#primaryimage\",\"url\":\"https:\\\/\\\/www.orquidariosantabarbara.com\\\/loja\\\/wp-content\\\/uploads\\\/2026\\\/03\\\/C.-sem-identificacao-2013.jpg\",\"contentUrl\":\"https:\\\/\\\/www.orquidariosantabarbara.com\\\/loja\\\/wp-content\\\/uploads\\\/2026\\\/03\\\/C.-sem-identificacao-2013.jpg\",\"width\":572,\"height\":480},{\"@type\":\"BreadcrumbList\",\"@id\":\"https:\\\/\\\/www.orquidariosantabarbara.com\\\/loja\\\/produto\\\/c-sem-identificacao\\\/#breadcrumb\",\"itemListElement\":[{\"@type\":\"ListItem\",\"position\":1,\"name\":\"In\u00edcio\",\"item\":\"https:\\\/\\\/www.orquidariosantabarbara.com\\\/loja\\\/\"},{\"@type\":\"ListItem\",\"position\":2,\"name\":\"C. sem identifica\u00e7\u00e3o\"}]},{\"@type\":\"WebSite\",\"@id\":\"https:\\\/\\\/www.orquidariosantabarbara.com\\\/loja\\\/#website\",\"url\":\"https:\\\/\\\/www.orquidariosantabarbara.com\\\/loja\\\/\",\"name\":\"Orquid\u00e1rio Santa B\u00e1rbara\",\"description\":\"\",\"potentialAction\":[{\"@type\":\"SearchAction\",\"target\":{\"@type\":\"EntryPoint\",\"urlTemplate\":\"https:\\\/\\\/www.orquidariosantabarbara.com\\\/loja\\\/?s={search_term_string}\"},\"query-input\":{\"@type\":\"PropertyValueSpecification\",\"valueRequired\":true,\"valueName\":\"search_term_string\"}}],\"inLanguage\":\"pt-BR\"}]}<\/script>\n<!-- \/ Yoast SEO plugin. -->","yoast_head_json":{"title":"C. sem identifica\u00e7\u00e3o &#8211; Orquid\u00e1rio Santa B\u00e1rbara","robots":{"index":"index","follow":"follow","max-snippet":"max-snippet:-1","max-image-preview":"max-image-preview:large","max-video-preview":"max-video-preview:-1"},"canonical":"https:\/\/www.orquidariosantabarbara.com\/loja\/produto\/c-sem-identificacao\/","og_locale":"pt_BR","og_type":"article","og_title":"C. sem identifica\u00e7\u00e3o &#8211; Orquid\u00e1rio Santa B\u00e1rbara","og_description":"Ser\u00e1 enviada a planta da foto. As plantas s\u00e3o enviadas [&hellip;]","og_url":"https:\/\/www.orquidariosantabarbara.com\/loja\/produto\/c-sem-identificacao\/","og_site_name":"Orquid\u00e1rio Santa B\u00e1rbara","article_publisher":"http:\/\/www.facebook.com\/comover.arq","article_modified_time":"2026-03-31T11:18:59+00:00","og_image":[{"width":572,"height":480,"url":"https:\/\/www.orquidariosantabarbara.com\/loja\/wp-content\/uploads\/2026\/03\/C.-sem-identificacao-2013.jpg","type":"image\/jpeg"}],"twitter_card":"summary_large_image","twitter_misc":{"Est. tempo de leitura":"1 minuto"},"schema":{"@context":"https:\/\/schema.org","@graph":[{"@type":"WebPage","@id":"https:\/\/www.orquidariosantabarbara.com\/loja\/produto\/c-sem-identificacao\/","url":"https:\/\/www.orquidariosantabarbara.com\/loja\/produto\/c-sem-identificacao\/","name":"C. sem identifica\u00e7\u00e3o &#8211; Orquid\u00e1rio Santa B\u00e1rbara","isPartOf":{"@id":"https:\/\/www.orquidariosantabarbara.com\/loja\/#website"},"primaryImageOfPage":{"@id":"https:\/\/www.orquidariosantabarbara.com\/loja\/produto\/c-sem-identificacao\/#primaryimage"},"image":{"@id":"https:\/\/www.orquidariosantabarbara.com\/loja\/produto\/c-sem-identificacao\/#primaryimage"},"thumbnailUrl":"https:\/\/www.orquidariosantabarbara.com\/loja\/wp-content\/uploads\/2026\/03\/C.-sem-identificacao-2013.jpg","datePublished":"2026-03-31T11:03:32+00:00","dateModified":"2026-03-31T11:18:59+00:00","breadcrumb":{"@id":"https:\/\/www.orquidariosantabarbara.com\/loja\/produto\/c-sem-identificacao\/#breadcrumb"},"inLanguage":"pt-BR","potentialAction":[{"@type":"ReadAction","target":["https:\/\/www.orquidariosantabarbara.com\/loja\/produto\/c-sem-identificacao\/"]}]},{"@type":"ImageObject","inLanguage":"pt-BR","@id":"https:\/\/www.orquidariosantabarbara.com\/loja\/produto\/c-sem-identificacao\/#primaryimage","url":"https:\/\/www.orquidariosantabarbara.com\/loja\/wp-content\/uploads\/2026\/03\/C.-sem-identificacao-2013.jpg","contentUrl":"https:\/\/www.orquidariosantabarbara.com\/loja\/wp-content\/uploads\/2026\/03\/C.-sem-identificacao-2013.jpg","width":572,"height":480},{"@type":"BreadcrumbList","@id":"https:\/\/www.orquidariosantabarbara.com\/loja\/produto\/c-sem-identificacao\/#breadcrumb","itemListElement":[{"@type":"ListItem","position":1,"name":"In\u00edcio","item":"https:\/\/www.orquidariosantabarbara.com\/loja\/"},{"@type":"ListItem","position":2,"name":"C. sem identifica\u00e7\u00e3o"}]},{"@type":"WebSite","@id":"https:\/\/www.orquidariosantabarbara.com\/loja\/#website","url":"https:\/\/www.orquidariosantabarbara.com\/loja\/","name":"Orquid\u00e1rio Santa B\u00e1rbara","description":"","potentialAction":[{"@type":"SearchAction","target":{"@type":"EntryPoint","urlTemplate":"https:\/\/www.orquidariosantabarbara.com\/loja\/?s={search_term_string}"},"query-input":{"@type":"PropertyValueSpecification","valueRequired":true,"valueName":"search_term_string"}}],"inLanguage":"pt-BR"}]}},"_links":{"self":[{"href":"https:\/\/www.orquidariosantabarbara.com\/loja\/wp-json\/wp\/v2\/product\/350916","targetHints":{"allow":["GET"]}}],"collection":[{"href":"https:\/\/www.orquidariosantabarbara.com\/loja\/wp-json\/wp\/v2\/product"}],"about":[{"href":"https:\/\/www.orquidariosantabarbara.com\/loja\/wp-json\/wp\/v2\/types\/product"}],"wp:featuredmedia":[{"embeddable":true,"href":"https:\/\/www.orquidariosantabarbara.com\/loja\/wp-json\/wp\/v2\/media\/350918"}],"wp:attachment":[{"href":"https:\/\/www.orquidariosantabarbara.com\/loja\/wp-json\/wp\/v2\/media?parent=350916"}],"wp:term":[{"taxonomy":"product_brand","embeddable":true,"href":"https:\/\/www.orquidariosantabarbara.com\/loja\/wp-json\/wp\/v2\/product_brand?post=350916"},{"taxonomy":"product_cat","embeddable":true,"href":"https:\/\/www.orquidariosantabarbara.com\/loja\/wp-json\/wp\/v2\/product_cat?post=350916"},{"taxonomy":"product_tag","embeddable":true,"href":"https:\/\/www.orquidariosantabarbara.com\/loja\/wp-json\/wp\/v2\/product_tag?post=350916"}],"curies":[{"name":"wp","href":"https:\/\/api.w.org\/{rel}","templated":true}]}}